{"id":2210,"date":"2023-10-16T15:36:43","date_gmt":"2023-10-16T15:36:43","guid":{"rendered":"https:\/\/sangal.gg\/careers\/"},"modified":"2025-04-06T12:00:40","modified_gmt":"2025-04-06T12:00:40","slug":"careers","status":"publish","type":"page","link":"https:\/\/sangal.gg\/tr\/careers\/","title":{"rendered":"Apply to Legacy"},"content":{"rendered":"\t\t<div data-elementor-type=\"wp-page\" data-elementor-id=\"2210\" class=\"elementor elementor-2210\" data-elementor-post-type=\"page\">\n\t\t\t\t\t\t<section class=\"elementor-section elementor-top-section elementor-element elementor-element-a96e12f elementor-section-boxed elementor-section-height-default elementor-section-height-default\" data-id=\"a96e12f\" data-element_type=\"section\" data-e-type=\"section\">\n\t\t\t\t\t\t<div class=\"elementor-container elementor-column-gap-default\">\n\t\t\t\t\t<div class=\"elementor-column elementor-col-100 elementor-top-column elementor-element elementor-element-85bf7c9\" data-id=\"85bf7c9\" data-element_type=\"column\" data-e-type=\"column\">\n\t\t\t<div class=\"elementor-widget-wrap elementor-element-populated\">\n\t\t\t\t\t\t<div class=\"elementor-element elementor-element-05f791a elementor-widget elementor-widget-bdt-advanced-heading\" data-id=\"05f791a\" data-element_type=\"widget\" data-e-type=\"widget\" data-settings=\"{&quot;ep_threed_text_active&quot;:&quot;yes&quot;,&quot;ep_threed_text_depth&quot;:{&quot;unit&quot;:&quot;px&quot;,&quot;size&quot;:30,&quot;sizes&quot;:[]},&quot;ep_threed_text_layers&quot;:8,&quot;ep_threed_text_perspective&quot;:{&quot;unit&quot;:&quot;px&quot;,&quot;size&quot;:500,&quot;sizes&quot;:[]},&quot;ep_threed_text_fade&quot;:&quot;yes&quot;,&quot;ep_threed_text_event&quot;:&quot;none&quot;}\" data-widget_type=\"bdt-advanced-heading.default\">\n\t\t\t\t<div class=\"elementor-widget-container\">\n\t\t\t\t\t<div id=\"05f791a\" class=\"bdt-ep-advanced-heading\" data-settings=\"{&quot;titleMultiColor&quot;:&quot;no&quot;}\"><h2 class=\"bdt-ep-advanced-heading-title\"><span class=\"bdt-ep-advanced-heading-main-title\"><span class=\"bdt-ep-advanced-heading-main-title-inner\"><b><\/b>Apply to Legacy<\/span><\/span><\/h2><\/div>\t\t\t\t<\/div>\n\t\t\t\t<\/div>\n\t\t\t\t\t<\/div>\n\t\t<\/div>\n\t\t\t\t\t<\/div>\n\t\t<\/section>\n\t\t\t\t<section class=\"elementor-section elementor-top-section elementor-element elementor-element-6c246f5 elementor-section-boxed elementor-section-height-default elementor-section-height-default\" data-id=\"6c246f5\" data-element_type=\"section\" data-e-type=\"section\">\n\t\t\t\t\t\t<div class=\"elementor-container elementor-column-gap-default\">\n\t\t\t\t\t<div class=\"elementor-column elementor-col-100 elementor-top-column elementor-element elementor-element-c3d6d5a\" data-id=\"c3d6d5a\" data-element_type=\"column\" data-e-type=\"column\">\n\t\t\t<div class=\"elementor-widget-wrap elementor-element-populated\">\n\t\t\t\t\t\t<div class=\"elementor-element elementor-element-c05fdb5 elementor-widget elementor-widget-bdt-accordion\" data-id=\"c05fdb5\" data-element_type=\"widget\" data-e-type=\"widget\" data-widget_type=\"bdt-accordion.default\">\n\t\t\t\t<div class=\"elementor-widget-container\">\n\t\t\t\t\t\t\t<div class=\"bdt-ep-accordion-container\">\n\t\t\t<div id=\"bdt-ep-accordion-c05fdb5\" class=\"bdt-ep-accordion bdt-accordion\" data-bdt-accordion=\"{&quot;collapsible&quot;:false,&quot;multiple&quot;:false,&quot;transition&quot;:&quot;ease-in-out&quot;}\" \t\tdata-settings=\"{&quot;id&quot;:&quot;bdt-ep-accordion-c05fdb5&quot;,&quot;activeHash&quot;:&quot;no&quot;,&quot;activeScrollspy&quot;:null,&quot;hashTopOffset&quot;:false,&quot;hashScrollspyTime&quot;:false}\">\n\t\t\t\t\t\t\t\t\t<div class=\"bdt-ep-accordion-item\">\n\t\t\t\t\t\t<div\t\t\t\t\t\t\tclass=\"bdt-ep-accordion-title bdt-accordion-title bdt-flex bdt-flex-middle bdt-flex-between\" id=\"\n\t\t\t\t\t\t\tbdt-ep-accordion-sosyal-medya-yneticisi\"\n\t\t\t\t\t\t\tdata-accordion-index=\"0\" data-title=\"sosyal-medya-y-neticisi\">\n\n\t\t\t\t\t\t\t\t\t\t\t\t\t\t\t<span class=\"bdt-ep-accordion-icon bdt-flex-align-right\"\n\t\t\t\t\t\t\t\t\taria-hidden=\"true\">\n\n\t\t\t\t\t\t\t\t\t\t\t\t\t\t\t\t\t\t\t<span class=\"bdt-ep-accordion-icon-closed\">\n\t\t\t\t\t\t\t\t\t\t\t<i aria-hidden=\"true\" class=\"fa-fw fas fa-chevron-down\"><\/i>\t\t\t\t\t\t\t\t\t\t<\/span>\n\t\t\t\t\t\t\t\t\t\n\t\t\t\t\t\t\t\t\t\t\t\t\t\t\t\t\t\t\t<span class=\"bdt-ep-accordion-icon-opened\">\n\t\t\t\t\t\t\t\t\t\t\t<i aria-hidden=\"true\" class=\"fa-fw fas fa-angle-up\"><\/i>\t\t\t\t\t\t\t\t\t\t<\/span>\n\t\t\t\t\t\t\t\t\t\n\t\t\t\t\t\t\t\t<\/span>\n\t\t\t\t\t\t\t\n\t\t\t\t\t\t\t<span role=\"heading\" class=\"bdt-ep-title-text bdt-display-inline-block\" >\n\n\t\t\t\t\t\t\t\t\t\t\t\t\t\t\t\t\t<span class=\"bdt-ep-accordion-custom-icon\">\n\t\t\t\t\t\t\t\t\t\t<i aria-hidden=\"true\" class=\"fa-fw ti ti-marker-alt\"><\/i>\t\t\t\t\t\t\t\t\t<\/span>\n\t\t\t\t\t\t\t\t\t\t\t\t\t\t\t\tSosyal Medya Y\u00f6neticisi\t\t\t\t\t\t\t<\/span>\n\n\t\t\t\t\t\t<\/div>\n\t\t\t\t\t\t<div class=\"bdt-ep-accordion-content bdt-accordion-content\">\n\t\t\t\t\t\t\t<h4>Ne yap\u0131yoruz?<\/h4><div class=\"flex max-w-full flex-col flex-grow\"><div class=\"min-h-8 text-message flex w-full flex-col items-end gap-2 whitespace-normal break-words text-start [.text-message+&amp;]:mt-5\" dir=\"auto\" data-message-author-role=\"assistant\" data-message-id=\"5a2f2fa5-ae3a-41c0-adb5-e4ab2f0d348a\" data-message-model-slug=\"gpt-4o\"><div class=\"flex w-full flex-col gap-1 empty:hidden first:pt-[3px]\"><div class=\"markdown prose w-full break-words dark:prose-invert light\"><p><span style=\"font-weight: 400\">Taraftarlar esporu sadece takip etmez, onu hisseder; ac\u0131y\u0131, tutkuyu, cesareti ve zaferi. Sangal olarak taraftarlar\u0131m\u0131za bakt\u0131\u011f\u0131m\u0131zda sadece bir kitle g\u00f6rm\u00fcyoruz, sizi g\u00f6r\u00fcyoruz. Biz de sizden biriyiz ve sizi her an\u0131n i\u00e7inde tutmak i\u00e7in etkileyici ve bilgilendirici i\u00e7erikleri inan\u0131lmaz bir h\u0131zla \u00fcretiyoruz.\u00a0<\/span><\/p><h4>\u0130\u015f Tan\u0131m\u0131<\/h4><div class=\"flex max-w-full flex-col flex-grow\"><div class=\"min-h-8 text-message flex w-full flex-col items-end gap-2 whitespace-normal break-words text-start [.text-message+&amp;]:mt-5\" dir=\"auto\" data-message-author-role=\"assistant\" data-message-id=\"df583172-2a94-40ac-bb3f-8dd9a2087b25\" data-message-model-slug=\"gpt-4o\"><div class=\"flex w-full flex-col gap-1 empty:hidden first:pt-[3px]\"><div class=\"markdown prose w-full break-words dark:prose-invert light\"><p><span style=\"font-weight: 400\">Sosyal Medya Y\u00f6neticisi, Sangal\u2019\u0131n dijital y\u00fcz\u00fcne en b\u00fcy\u00fck etkiyi sa\u011flayan pozisyonlardan biridir. Espor taraftarlar\u0131n\u0131n tutkusunu anlayan ve onlarla g\u00fc\u00e7l\u00fc bir ba\u011f kuran i\u00e7erikler \u00fcretmekten ve planlamaktan sorumludur. Marka kimli\u011fimizi her platformda tutarl\u0131 bir \u015fekilde yans\u0131tarak toplulu\u011fumuzu bilgilendiren, heyecanland\u0131ran ve ba\u011f kurduran sosyal medya stratejilerini hayata ge\u00e7irir.\u00a0<\/span><\/p><\/div><\/div><\/div><\/div><\/div><\/div><\/div><\/div><h4>Gerekli Nitelikler<\/h4><ul><li class=\"\" data-start=\"527\" data-end=\"656\"><p class=\"\" data-start=\"529\" data-end=\"656\">Sosyal medya trendlerine hakimiyet ve farkl\u0131 platformlar\u0131n dinamiklerini bilmek (Instagram, X, TikTok, YouTube, Discord vb.).<\/p><\/li><li class=\"\" data-start=\"527\" data-end=\"656\"><p class=\"\" data-start=\"529\" data-end=\"656\">\u0130\u00e7erik takvimi olu\u015fturma ve uygulama becerisi.<\/p><\/li><li class=\"\" data-start=\"527\" data-end=\"656\"><p class=\"\" data-start=\"529\" data-end=\"656\">Yarat\u0131c\u0131 d\u00fc\u015f\u00fcnme ve toplulukla etkile\u015fimi art\u0131racak fikirler \u00fcretebilme yetene\u011fi.<\/p><\/li><li class=\"\" data-start=\"527\" data-end=\"656\"><p class=\"\" data-start=\"529\" data-end=\"656\">Espor k\u00fclt\u00fcr\u00fcne ilgi ve sekt\u00f6rel bilgi.<\/p><\/li><li data-start=\"527\" data-end=\"656\">\u0130ngilizce okuma, yazma ve anlama konusunda yeterlilik.<\/li><\/ul><h4>Ana Sorumluluklar<\/h4><ul><li class=\"\" data-start=\"1508\" data-end=\"1588\"><p class=\"\" data-start=\"1510\" data-end=\"1588\"><span style=\"font-weight: 400\">LoL \u00f6zelinde sosyal medya hesaplar\u0131m\u0131z\u0131n g\u00fcnl\u00fck i\u00e7erik planlamas\u0131 ve y\u00f6netimini sa\u011flamak. <\/span><\/p><\/li><li class=\"\" data-start=\"1589\" data-end=\"1673\"><p class=\"\" data-start=\"1591\" data-end=\"1673\">Tak\u0131m ve organizasyon geli\u015fmelerini takip ederek h\u0131zl\u0131 ve etkili i\u00e7erik \u00fcretmek.<\/p><\/li><li class=\"\" data-start=\"1589\" data-end=\"1673\"><p class=\"\" data-start=\"1591\" data-end=\"1673\"><span style=\"font-weight: 400\">LoL toplulu\u011fu ile g\u00fc\u00e7l\u00fc bir ileti\u015fim kurmak ve etkile\u015fimi art\u0131racak i\u00e7erik fikirleri geli\u015ftirmek.\u00a0<\/span><\/p><\/li><li class=\"\" data-start=\"1589\" data-end=\"1673\"><p class=\"\" data-start=\"1591\" data-end=\"1673\">\u0130\u00e7erik performanslar\u0131n\u0131 analiz ederek geli\u015fim alanlar\u0131n\u0131 belirlemek ve raporlamak.<\/p><\/li><li class=\"\" data-start=\"1589\" data-end=\"1673\"><p class=\"\" data-start=\"1591\" data-end=\"1673\">Marka tonu ve diline sad\u0131k kalarak i\u00e7erik \u00fcretimini s\u00fcrd\u00fcrmek.<\/p><article class=\"w-full scroll-mb-[var(--thread-trailing-height,150px)] text-token-text-primary focus-visible:outline-2 focus-visible:outline-offset-[-4px]\" dir=\"auto\" data-testid=\"conversation-turn-2\" data-scroll-anchor=\"false\"><div class=\"m-auto text-base py-[18px] px-3 md:px-4 w-full md:px-5 lg:px-4 xl:px-5\"><div class=\"mx-auto flex flex-1 gap-4 text-base md:gap-5 lg:gap-6 md:max-w-3xl lg:max-w-[40rem] xl:max-w-[48rem]\"><div class=\"group\/conversation-turn relative flex w-full min-w-0 flex-col\"><div class=\"flex-col gap-1 md:gap-3\"><div class=\"flex max-w-full flex-col flex-grow\"><div class=\"min-h-8 text-message flex w-full flex-col items-end gap-2 whitespace-normal break-words text-start [.text-message+&amp;]:mt-5\" dir=\"auto\" data-message-author-role=\"user\" data-message-id=\"aaa23613-f4a0-43d7-92be-b89194ff07d5\"><div class=\"flex w-full flex-col gap-1 empty:hidden items-end rtl:items-start\"><div class=\"relative max-w-[var(--user-chat-width,70%)] rounded-3xl bg-token-message-surface px-5 py-2.5\"><div class=\"whitespace-pre-wrap\">\u00a0<\/div><\/div><\/div><\/div><\/div><\/div><\/div><\/div><\/div><\/article><p><a class=\"wp-block-button__link wp-element-button\" href=\"https:\/\/sangal.gg\/job-application\/\">\u015eimdi Ba\u015fvur<\/a><\/p><\/li><\/ul>\t\t\t\t\t\t<\/div>\n\t\t\t\t\t<\/div>\n\t\t\t\t\t\t\t<\/div>\n\t\t<\/div>\n\t\t\t\t\t\t<\/div>\n\t\t\t\t<\/div>\n\t\t\t\t\t<\/div>\n\t\t<\/div>\n\t\t\t\t\t<\/div>\n\t\t<\/section>\n\t\t\t\t<\/div>\n\t\t","protected":false},"excerpt":{"rendered":"<p>Apply to Legacy Sosyal Medya Y\u00f6neticisi Ne yap\u0131yoruz? Taraftarlar esporu sadece takip [&hellip;]<\/p>\n","protected":false},"author":1,"featured_media":0,"parent":0,"menu_order":0,"comment_status":"closed","ping_status":"closed","template":"","meta":{"footnotes":""},"class_list":["post-2210","page","type-page","status-publish","hentry"],"_links":{"self":[{"href":"https:\/\/sangal.gg\/tr\/wp-json\/wp\/v2\/pages\/2210","targetHints":{"allow":["GET"]}}],"collection":[{"href":"https:\/\/sangal.gg\/tr\/wp-json\/wp\/v2\/pages"}],"about":[{"href":"https:\/\/sangal.gg\/tr\/wp-json\/wp\/v2\/types\/page"}],"author":[{"embeddable":true,"href":"https:\/\/sangal.gg\/tr\/wp-json\/wp\/v2\/users\/1"}],"replies":[{"embeddable":true,"href":"https:\/\/sangal.gg\/tr\/wp-json\/wp\/v2\/comments?post=2210"}],"version-history":[{"count":69,"href":"https:\/\/sangal.gg\/tr\/wp-json\/wp\/v2\/pages\/2210\/revisions"}],"predecessor-version":[{"id":2635,"href":"https:\/\/sangal.gg\/tr\/wp-json\/wp\/v2\/pages\/2210\/revisions\/2635"}],"wp:attachment":[{"href":"https:\/\/sangal.gg\/tr\/wp-json\/wp\/v2\/media?parent=2210"}],"curies":[{"name":"wp","href":"https:\/\/api.w.org\/{rel}","templated":true}]}}