{"id":2212,"date":"2023-10-07T20:08:34","date_gmt":"2023-10-07T20:08:34","guid":{"rendered":"https:\/\/sangal.gg\/job-application\/"},"modified":"2025-04-05T16:34:56","modified_gmt":"2025-04-05T16:34:56","slug":"job-application","status":"publish","type":"page","link":"https:\/\/sangal.gg\/tr\/job-application\/","title":{"rendered":"Apply to Legacy"},"content":{"rendered":"\t\t<div data-elementor-type=\"wp-page\" data-elementor-id=\"2212\" class=\"elementor elementor-2212\" data-elementor-post-type=\"page\">\n\t\t\t\t\t\t<section class=\"elementor-section elementor-top-section elementor-element elementor-element-67e02f1 elementor-section-boxed elementor-section-height-default elementor-section-height-default\" data-id=\"67e02f1\" data-element_type=\"section\" data-e-type=\"section\">\n\t\t\t\t\t\t<div class=\"elementor-container elementor-column-gap-default\">\n\t\t\t\t\t<div class=\"elementor-column elementor-col-100 elementor-top-column elementor-element elementor-element-230f87d\" data-id=\"230f87d\" data-element_type=\"column\" data-e-type=\"column\">\n\t\t\t<div class=\"elementor-widget-wrap elementor-element-populated\">\n\t\t\t\t\t\t<div class=\"elementor-element elementor-element-ed40cef elementor-widget elementor-widget-heading\" data-id=\"ed40cef\" data-element_type=\"widget\" data-e-type=\"widget\" data-widget_type=\"heading.default\">\n\t\t\t\t<div class=\"elementor-widget-container\">\n\t\t\t\t\t<h2 class=\"elementor-heading-title elementor-size-default\"><h1 style=\"margin-top: 0px;margin-bottom: 6px;padding: 0px;font-size: 28px;font-weight: inherit;, sans-serif;font-style: normal;0;line-height: 36px;letter-spacing: normal;text-transform: none\">Apply to Legacy<\/h1><\/h2>\t\t\t\t<\/div>\n\t\t\t\t<\/div>\n\t\t\t\t<div class=\"elementor-element elementor-element-1264deb elementor-widget elementor-widget-text-editor\" data-id=\"1264deb\" data-element_type=\"widget\" data-e-type=\"widget\" data-widget_type=\"text-editor.default\">\n\t\t\t\t<div class=\"elementor-widget-container\">\n\t\t\t\t\t\t\t\t\t<p>Sangal&#8217;\u0131n gelece\u011fini birlikte in\u015fa edelim!<\/p>\t\t\t\t\t\t\t\t<\/div>\n\t\t\t\t<\/div>\n\t\t\t\t<div class=\"elementor-element elementor-element-fa92e6b elementor-button-align-stretch elementor-widget elementor-widget-form\" data-id=\"fa92e6b\" data-element_type=\"widget\" data-e-type=\"widget\" data-settings=\"{&quot;step_next_label&quot;:&quot;Next&quot;,&quot;step_previous_label&quot;:&quot;Previous&quot;,&quot;button_width&quot;:&quot;100&quot;,&quot;step_type&quot;:&quot;number_text&quot;,&quot;step_icon_shape&quot;:&quot;circle&quot;}\" data-widget_type=\"form.default\">\n\t\t\t\t<div class=\"elementor-widget-container\">\n\t\t\t\t\t\t\t<form class=\"elementor-form\" method=\"post\" name=\"Apply to Legacy\">\n\t\t\t<input type=\"hidden\" name=\"post_id\" value=\"2212\"\/>\n\t\t\t<input type=\"hidden\" name=\"form_id\" value=\"fa92e6b\"\/>\n\t\t\t<input type=\"hidden\" name=\"referer_title\" value=\"Apply to Legacy\" \/>\n\n\t\t\t\t\t\t\t<input type=\"hidden\" name=\"queried_id\" value=\"2212\"\/>\n\t\t\t\n\t\t\t<div class=\"elementor-form-fields-wrapper elementor-labels-above\">\n\t\t\t\t\t\t\t\t<div class=\"elementor-field-type-text elementor-field-group elementor-column elementor-field-group-name elementor-col-100 elementor-field-required elementor-mark-required\">\n\t\t\t\t\t\t\t\t\t\t\t\t<label for=\"form-field-name\" class=\"elementor-field-label\">\n\t\t\t\t\t\t\t\t\u0130sim\t\t\t\t\t\t\t<\/label>\n\t\t\t\t\t\t\t\t\t\t\t\t\t\t<input size=\"1\" type=\"text\" name=\"form_fields[name]\" id=\"form-field-name\" class=\"elementor-field elementor-size-sm  elementor-field-textual\" required=\"required\" aria-required=\"true\">\n\t\t\t\t\t\t\t\t\t\t\t<\/div>\n\t\t\t\t\t\t\t\t<div class=\"elementor-field-type-text elementor-field-group elementor-column elementor-field-group-email elementor-col-100 elementor-field-required elementor-mark-required\">\n\t\t\t\t\t\t\t\t\t\t\t\t<label for=\"form-field-email\" class=\"elementor-field-label\">\n\t\t\t\t\t\t\t\tSoyisim\t\t\t\t\t\t\t<\/label>\n\t\t\t\t\t\t\t\t\t\t\t\t\t\t<input size=\"1\" type=\"text\" name=\"form_fields[email]\" id=\"form-field-email\" class=\"elementor-field elementor-size-sm  elementor-field-textual\" required=\"required\" aria-required=\"true\">\n\t\t\t\t\t\t\t\t\t\t\t<\/div>\n\t\t\t\t\t\t\t\t<div class=\"elementor-field-type-number elementor-field-group elementor-column elementor-field-group-field_57fff9d elementor-col-100 elementor-field-required elementor-mark-required\">\n\t\t\t\t\t\t\t\t\t\t\t\t<label for=\"form-field-field_57fff9d\" class=\"elementor-field-label\">\n\t\t\t\t\t\t\t\tYa\u015f\t\t\t\t\t\t\t<\/label>\n\t\t\t\t\t\t\t\t\t<input type=\"number\" name=\"form_fields[field_57fff9d]\" id=\"form-field-field_57fff9d\" class=\"elementor-field elementor-size-sm  elementor-field-textual\" required=\"required\" aria-required=\"true\" min=\"\" max=\"\" >\n\t\t\t\t\t\t<\/div>\n\t\t\t\t\t\t\t\t<div class=\"elementor-field-type-email elementor-field-group elementor-column elementor-field-group-field_1549fda elementor-col-100 elementor-field-required elementor-mark-required\">\n\t\t\t\t\t\t\t\t\t\t\t\t<label for=\"form-field-field_1549fda\" class=\"elementor-field-label\">\n\t\t\t\t\t\t\t\tEmail Adresi\t\t\t\t\t\t\t<\/label>\n\t\t\t\t\t\t\t\t\t\t\t\t\t\t<input size=\"1\" type=\"email\" name=\"form_fields[field_1549fda]\" id=\"form-field-field_1549fda\" class=\"elementor-field elementor-size-sm  elementor-field-textual\" placeholder=\"Ki\u015fisel email adresiniz\" required=\"required\" aria-required=\"true\">\n\t\t\t\t\t\t\t\t\t\t\t<\/div>\n\t\t\t\t\t\t\t\t<div class=\"elementor-field-type-tel elementor-field-group elementor-column elementor-field-group-field_aed8a1e elementor-col-100 elementor-field-required elementor-mark-required\">\n\t\t\t\t\t\t\t\t\t\t\t\t<label for=\"form-field-field_aed8a1e\" class=\"elementor-field-label\">\n\t\t\t\t\t\t\t\tTelefon Numaras\u0131\t\t\t\t\t\t\t<\/label>\n\t\t\t\t\t\t\t\t<input size=\"1\" type=\"tel\" name=\"form_fields[field_aed8a1e]\" id=\"form-field-field_aed8a1e\" class=\"elementor-field elementor-size-sm  elementor-field-textual\" required=\"required\" aria-required=\"true\" pattern=\"[0-9()#&amp;+*-=.]+\" title=\"Only numbers and phone characters (#, -, *, etc) are accepted.\">\n\n\t\t\t\t\t\t<\/div>\n\t\t\t\t\t\t\t\t<div class=\"elementor-field-type-select elementor-field-group elementor-column elementor-field-group-field_5cff480 elementor-col-100 elementor-field-required elementor-mark-required\">\n\t\t\t\t\t\t\t\t\t\t\t\t<label for=\"form-field-field_5cff480\" class=\"elementor-field-label\">\n\t\t\t\t\t\t\t\tRol\t\t\t\t\t\t\t<\/label>\n\t\t\t\t\t\t\t\t<div class=\"elementor-field elementor-select-wrapper remove-before \">\n\t\t\t<div class=\"select-caret-down-wrapper\">\n\t\t\t\t<i aria-hidden=\"true\" class=\"eicon-caret-down\"><\/i>\t\t\t<\/div>\n\t\t\t<select name=\"form_fields[field_5cff480]\" id=\"form-field-field_5cff480\" class=\"elementor-field-textual elementor-size-sm\" required=\"required\" aria-required=\"true\">\n\t\t\t\t\t\t\t\t\t<option value=\"Sosyal Medya Y\u00f6neticisi\">Sosyal Medya Y\u00f6neticisi<\/option>\n\t\t\t\t\t\t\t\t\t<option value=\"Grafik Tasar\u0131mc\u0131\">Grafik Tasar\u0131mc\u0131<\/option>\n\t\t\t\t\t\t\t\t\t<option value=\"Video Edit\u00f6r\">Video Edit\u00f6r<\/option>\n\t\t\t\t\t\t\t\t\t<option value=\"\u0130\u00e7erik \u00dcreticisi\">\u0130\u00e7erik \u00dcreticisi<\/option>\n\t\t\t\t\t\t\t\t\t<option value=\"Oyuncu\">Oyuncu<\/option>\n\t\t\t\t\t\t\t\t\t<option value=\"Tak\u0131m\">Tak\u0131m<\/option>\n\t\t\t\t\t\t\t\t\t<option value=\"Menajer\">Menajer<\/option>\n\t\t\t\t\t\t\t<\/select>\n\t\t<\/div>\n\t\t\t\t\t\t<\/div>\n\t\t\t\t\t\t\t\t<div class=\"elementor-field-type-upload elementor-field-group elementor-column elementor-field-group-field_85f0ac7 elementor-col-100\">\n\t\t\t\t\t\t\t\t\t\t\t\t<label for=\"form-field-field_85f0ac7\" class=\"elementor-field-label\">\n\t\t\t\t\t\t\t\t\u00d6zge\u00e7mi\u015f \/ CV\t\t\t\t\t\t\t<\/label>\n\t\t\t\t\t\t\t\t<input type=\"file\" name=\"form_fields[field_85f0ac7]\" id=\"form-field-field_85f0ac7\" class=\"elementor-field elementor-size-sm  elementor-upload-field\">\n\n\t\t\t\t\t\t<\/div>\n\t\t\t\t\t\t\t\t<div class=\"elementor-field-type-url elementor-field-group elementor-column elementor-field-group-field_6ae4848 elementor-col-100\">\n\t\t\t\t\t\t\t\t\t\t\t\t<label for=\"form-field-field_6ae4848\" class=\"elementor-field-label\">\n\t\t\t\t\t\t\t\tLinkedIn Profili\t\t\t\t\t\t\t<\/label>\n\t\t\t\t\t\t\t\t\t\t\t\t\t\t<input size=\"1\" type=\"url\" name=\"form_fields[field_6ae4848]\" id=\"form-field-field_6ae4848\" class=\"elementor-field elementor-size-sm  elementor-field-textual\" placeholder=\"E\u011fer herkese a\u00e7\u0131k bir LinkedIn profiliniz varsa, l\u00fctfen URL&#039;sini payla\u015f\u0131n\">\n\t\t\t\t\t\t\t\t\t\t\t<\/div>\n\t\t\t\t\t\t\t\t<div class=\"elementor-field-type-url elementor-field-group elementor-column elementor-field-group-field_503be57 elementor-col-100\">\n\t\t\t\t\t\t\t\t\t\t\t\t<label for=\"form-field-field_503be57\" class=\"elementor-field-label\">\n\t\t\t\t\t\t\t\tPortfolyo\t\t\t\t\t\t\t<\/label>\n\t\t\t\t\t\t\t\t\t\t\t\t\t\t<input size=\"1\" type=\"url\" name=\"form_fields[field_503be57]\" id=\"form-field-field_503be57\" class=\"elementor-field elementor-size-sm  elementor-field-textual\" placeholder=\"E\u011fer herkese a\u00e7\u0131k bir portf\u00f6y\u00fcn\u00fcz varsa, l\u00fctfen URL&#039;sini payla\u015f\u0131n.\">\n\t\t\t\t\t\t\t\t\t\t\t<\/div>\n\t\t\t\t\t\t\t\t<div class=\"elementor-field-type-text elementor-field-group elementor-column elementor-field-group-field_b8b0870 elementor-col-100\">\n\t\t\t\t\t\t\t\t\t\t\t\t<label for=\"form-field-field_b8b0870\" class=\"elementor-field-label\">\n\t\t\t\t\t\t\t\tNe gibi i\u015fler yapt\u0131n?\t\t\t\t\t\t\t<\/label>\n\t\t\t\t\t\t\t\t\t\t\t\t\t\t<input size=\"1\" type=\"text\" name=\"form_fields[field_b8b0870]\" id=\"form-field-field_b8b0870\" class=\"elementor-field elementor-size-sm  elementor-field-textual\" placeholder=\"Gurur duydu\u011funuz bir i\u015finizden bahseder misiniz\">\n\t\t\t\t\t\t\t\t\t\t\t<\/div>\n\t\t\t\t\t\t\t\t<div class=\"elementor-field-type-textarea elementor-field-group elementor-column elementor-field-group-message elementor-col-100 elementor-field-required elementor-mark-required\">\n\t\t\t\t\t\t\t\t\t\t\t\t<label for=\"form-field-message\" class=\"elementor-field-label\">\n\t\t\t\t\t\t\t\tBize kendinden bahset\t\t\t\t\t\t\t<\/label>\n\t\t\t\t\t\t<textarea class=\"elementor-field-textual elementor-field  elementor-size-sm\" name=\"form_fields[message]\" id=\"form-field-message\" rows=\"4\" required=\"required\" aria-required=\"true\"><\/textarea>\t\t\t\t<\/div>\n\t\t\t\t\t\t\t\t<div class=\"elementor-field-group elementor-column elementor-field-type-submit elementor-col-100 e-form__buttons\">\n\t\t\t\t\t<button class=\"elementor-button elementor-size-sm\" type=\"submit\">\n\t\t\t\t\t\t<span class=\"elementor-button-content-wrapper\">\n\t\t\t\t\t\t\t\t\t\t\t\t\t\t\t\t\t\t\t\t\t\t<span class=\"elementor-button-text\">Send<\/span>\n\t\t\t\t\t\t\t\t\t\t\t\t\t<\/span>\n\t\t\t\t\t<\/button>\n\t\t\t\t<\/div>\n\t\t\t<\/div>\n\t\t<\/form>\n\t\t\t\t\t\t<\/div>\n\t\t\t\t<\/div>\n\t\t\t\t\t<\/div>\n\t\t<\/div>\n\t\t\t\t\t<\/div>\n\t\t<\/section>\n\t\t\t\t<\/div>\n\t\t","protected":false},"excerpt":{"rendered":"<p>Apply to Legacy Sangal&#8217;\u0131n gelece\u011fini birlikte in\u015fa edelim!<\/p>\n","protected":false},"author":1,"featured_media":0,"parent":0,"menu_order":0,"comment_status":"closed","ping_status":"closed","template":"","meta":{"footnotes":""},"class_list":["post-2212","page","type-page","status-publish","hentry"],"_links":{"self":[{"href":"https:\/\/sangal.gg\/tr\/wp-json\/wp\/v2\/pages\/2212","targetHints":{"allow":["GET"]}}],"collection":[{"href":"https:\/\/sangal.gg\/tr\/wp-json\/wp\/v2\/pages"}],"about":[{"href":"https:\/\/sangal.gg\/tr\/wp-json\/wp\/v2\/types\/page"}],"author":[{"embeddable":true,"href":"https:\/\/sangal.gg\/tr\/wp-json\/wp\/v2\/users\/1"}],"replies":[{"embeddable":true,"href":"https:\/\/sangal.gg\/tr\/wp-json\/wp\/v2\/comments?post=2212"}],"version-history":[{"count":12,"href":"https:\/\/sangal.gg\/tr\/wp-json\/wp\/v2\/pages\/2212\/revisions"}],"predecessor-version":[{"id":2618,"href":"https:\/\/sangal.gg\/tr\/wp-json\/wp\/v2\/pages\/2212\/revisions\/2618"}],"wp:attachment":[{"href":"https:\/\/sangal.gg\/tr\/wp-json\/wp\/v2\/media?parent=2212"}],"curies":[{"name":"wp","href":"https:\/\/api.w.org\/{rel}","templated":true}]}}